{"id":3336,"date":"2023-03-23T06:55:43","date_gmt":"2023-03-23T06:55:43","guid":{"rendered":"http:\/\/www.energo.com.pl\/datenschutzbestimmungen\/"},"modified":"2023-03-23T06:55:46","modified_gmt":"2023-03-23T06:55:46","slug":"datenschutzbestimmungen","status":"publish","type":"page","link":"http:\/\/www.energo.com.pl\/de\/datenschutzbestimmungen\/","title":{"rendered":"Datenschutzbestimmungen"},"content":{"rendered":"\n<h2><strong>1. Allgemeine Informationen<\/strong><\/h2>\n\n<ol><li>Diese Bestimmungen gelten f\u00fcr die Website, die unter der nachfolgend genannten URL zu finden ist: <strong>energo.com.pl<\/strong><\/li><li>Der Betreiber der Website und der Verantwortliche f\u00fcr die personenbezogenen Daten ist: ENERGOREMONT Sp. z o.o. Graniczna 7, 22-300 Krasnystaw<\/li><li>E-Mail-Kontaktadresse des Betreibers: energoremont@energo.com.pl<\/li><li>Der Betreiber ist der Verantwortliche f\u00fcr Ihre personenbezogenen Daten in Bezug auf die Daten, die Sie freiwillig auf der Website angeben.<\/li><li>Die Website verwendet personenbezogene Daten f\u00fcr die nachfolgend genannten Zwecke:<ul><li>Pr\u00e4sentation eines Angebots oder einer Information<\/li><\/ul><\/li><li>Die Website f\u00fchrt Funktionen aus, die darauf beruhen Informationen \u00fcber die Nutzer und deren Verhalten auf folgende Weise zu erhalten:<ol><li>Durch die freiwillig in die Formulare eingegebenen Daten, die in die Systeme des Betreibers eingegeben werden.<\/li><li>Durch die Speicherung von Cookies auf den Endger\u00e4ten.<\/li><\/ol><\/li><\/ol>\n\n<h2><strong>2. Ausgew\u00e4hlte Datenschutzmethoden des Betreibers<\/strong><\/h2>\n\n<ol><li>Nutzerpassw\u00f6rter werden in gehashter Form gespeichert. Die Hash-Funktion arbeitet unidirektional, d. h. es ist nicht m\u00f6glich, ihre Funktion umzukehren, was heute der Standard f\u00fcr die Speicherung von Nutzerpassw\u00f6rtern ist.<\/li><li>Der Betreiber \u00e4ndert in regelm\u00e4\u00dfigen Abst\u00e4nden seine administrativen Passw\u00f6rter.<\/li><li>Um die Daten zu sch\u00fctzen, erstellt der Betreiber regelm\u00e4\u00dfig Backups.<\/li><li>Ein wichtiges Element des Datenschutzes ist die regelm\u00e4\u00dfige Aktualisierung der gesamten Software, die der Betreiber zur Verarbeitung personenbezogener Daten einsetzt, d. h. insbesondere die regelm\u00e4\u00dfige Aktualisierung der Softwarekomponenten.<\/li><\/ol>\n\n<h2><strong>3. Hosting<\/strong><\/h2>\n\n<ol><li>Die Website wird auf den Servern des Betreibers gehostet (technisch gewartet): eine andere Firma<\/li><\/ol>\n\n<h2><strong>4. Ihre Rechte und zus\u00e4tzliche Informationen \u00fcber die Art und Weise der Datennutzung<\/strong><\/h2>\n\n<ol><li>In bestimmten Situationen hat der Verantwortliche das Recht, Ihre personenbezogenen Daten an andere Empf\u00e4nger zu \u00fcbermitteln, wenn dies f\u00fcr die Erf\u00fcllung eines mit Ihnen geschlossenen Vertrags oder f\u00fcr die Erf\u00fcllung der dem Verantwortliche obliegenden Verpflichtungen erforderlich ist. Dies gilt f\u00fcr folgende Empf\u00e4ngergruppen:<ul><li>Hosting-Unternehmen auf Beauftragungsgrundlage<\/li><li>berechtigte Besch\u00e4ftigte und Mitarbeiter, welche die Daten zur Erf\u00fcllung des Zwecks der Wirkung der Website verwenden<\/li><\/ul><\/li><li>Ihre personenbezogenen Daten werden vom Verantwortlichen nur so lange verarbeitet, wie es f\u00fcr die Durchf\u00fchrung der damit verbundenen, in gesonderten Vorschriften festgelegten T\u00e4tigkeiten (z. B. zur Rechnungslegung) erforderlich ist. Was die Marketingdaten betrifft, so werden diese nicht l\u00e4nger als drei Jahre verarbeitet.<\/li><li>Sie haben das Recht, vom Verantwortlichen Folgendes zu verlangen:<ul><li>Zugang zu den Sie betreffenden personenbezogenen Daten,<\/li><li>deren Berichtigung,<\/li><li>L\u00f6schungen,<\/li><li>Einschr\u00e4nkung der Verarbeitung<\/li><li>sowie Daten\u00fcbertragbarkeit.<\/li><\/ul><\/li><li>Sie haben das Recht, der unter Punkt 3.3 c) genannten Verarbeitung Ihrer personenbezogenen Daten zur Wahrung der berechtigten Interessen des f\u00fcr die Verarbeitung Verantwortlichen, einschlie\u00dflich des Profilings, zu widersprechen, wobei das Widerspruchsrecht nicht ausge\u00fcbt werden kann, wenn berechtigte Gr\u00fcnde f\u00fcr die Verarbeitung vorliegen, die Ihre Interessen, Rechte und Freiheiten \u00fcberwiegen, insbesondere die Feststellung, Geltendmachung oder Verteidigung von Anspr\u00fcchen.<\/li><li>Gegen die Handlungen des Verantwortlichen kann beim Pr\u00e4sidenten des Amtes f\u00fcr den Schutz personenbezogener Daten Beschwerde eingelegt werden, ul. Stawki 2, 00-193 Warszawa.<\/li><li>Die Angabe von personenbezogenen Daten ist freiwillig, aber f\u00fcr den Betrieb der Website erforderlich.<\/li><li>Eine automatisierte Entscheidungsfindung, einschlie\u00dflich Profiling, kann in Bezug auf Sie zum Zweck der Erbringung von Dienstleistungen im Rahmen des geschlossenen Vertrags und zum Zweck der Direktwerbung durch den Verantwortliche erfolgen.<\/li><li>Personenbezogene Daten werden nicht aus Drittl\u00e4ndern im Sinne der DSGVO \u00fcbermittelt. Das bedeutet, dass wir diese nicht in L\u00e4nder au\u00dferhalb der Europ\u00e4ischen Union versenden.<\/li><\/ol>\n\n<h2><strong>5. Informationen in den Formularen<\/strong><\/h2>\n\n<ol><li>Die Website sammelt Informationen, die der Nutzer freiwillig zur Verf\u00fcgung stellt, einschlie\u00dflich personenbezogener Daten, sofern diese zur Verf\u00fcgung gestellt werden.<\/li><li>Die Website kann Informationen \u00fcber die Verbindungsparameter (Zeitstempel, IP-Adresse) speichern.<\/li><li>In einigen F\u00e4llen kann die Website Informationen speichern, um die Verkn\u00fcpfung der Daten im Formular mit der E-Mail-Adresse des Nutzers, der das Formular ausf\u00fcllt, zu erleichtern. In diesem Fall erscheint die E-Mail-Adresse des Nutzers innerhalb der URL der Seite, die das Formular enth\u00e4lt.<\/li><li>Die in das Formular eingegebenen Daten werden zu dem Zweck verarbeitet, der sich aus der Funktion des jeweiligen Formulars ergibt, z. B. f\u00fcr die Bearbeitung von Serviceanfragen oder Gesch\u00e4ftskontakten, die Registrierung von Dienstleistungen usw. In jedem Fall geht aus dem Kontext und der Beschreibung des Formulars klar hervor, wof\u00fcr dieses bestimmt ist.<\/li><\/ol>\n\n<h2><strong>6. Protokolldateien des Verantwortlichen<\/strong><\/h2>\n\n<ol><li>Die Informationen \u00fcber das Nutzerverhalten auf der Website k\u00f6nnen protokolliert werden. Diese Daten werden f\u00fcr die Verwaltung der Website verwendet.<\/li><\/ol>\n\n<h2><strong>7. Wesentliche Marketingtechniken<\/strong><\/h2>\n\n<ol><li>Der Betreiber nutzt die statistische Auswertung des Website-Verkehrs mittels Google Analytics (Google Inc., mit Sitz in den USA). Der Betreiber \u00fcbermittelt keine personenbezogenen Daten an den Betreiber dieser Website, sondern nur anonymisierte Informationen. Die Website basiert auf der Verwendung von Cookies auf dem Endger\u00e4t des Nutzers. Was die vom Google-Werbenetzwerk gesammelten Informationen \u00fcber die Nutzerpr\u00e4ferenzen betrifft, so kann der Nutzer die aus den Cookies resultierenden Informationen mit dem folgenden Tool einsehen und bearbeiten: https:\/\/www.google.com\/ads\/preferences\/<\/li><li>Der Betreiber verwendet Remarketing-Techniken, um Werbebotschaften auf das Verhalten des Nutzers auf der Website abzustimmen, was den Anschein erwecken kann, dass die personenbezogenen Daten des Nutzers verwendet werden, um den Nutzer zu verfolgen, aber in der Praxis werden keine personenbezogenen Daten vom Betreiber an die Werbebetreiber \u00fcbermittelt. Eine technische Voraussetzung f\u00fcr solche Handlungen ist, dass Cookies aktiviert sind.<\/li><li>Der Betreiber verwendet das Facebook-Pixel. Diese Technologie bedeutet, dass Facebook (Facebook Inc., mit Sitz in den USA) wei\u00df, dass eine bei ihm registrierte Person die Website nutzt. In diesem Fall gibt der Betreiber keine zus\u00e4tzlichen personenbezogenen Daten an Facebook weiter. Die Website basiert auf der Verwendung von Cookies auf dem Endger\u00e4t des Nutzers.<\/li><li>Der Betreiber verwendet eine L\u00f6sung, die das Nutzerverhalten durch Heatmaps und Aufzeichnung des Verhaltens auf der Website untersucht. Diese Informationen werden anonymisiert, bevor sie an den Betreiber gesendet werden, sodass dieser nicht wei\u00df, auf welche Person sie sich beziehen. Insbesondere werden eingetragene Passw\u00f6rter und andere pers\u00f6nliche Daten nicht aufgezeichnet.<\/li><li>Der Betreiber verwendet eine L\u00f6sung, die den Betrieb der Website in Bezug auf die Nutzer automatisiert, z. B. kann er einem Nutzer nach dem Besuch einer bestimmten Unterseite eine E-Mail schicken, vorausgesetzt, der Nutzer hat zugestimmt, kommerzielle Korrespondenz vom Betreiber zu erhalten.<\/li><li>Der Betreiber kann ein Profiling im Sinne der DSGVO durchf\u00fchren.<\/li><\/ol>\n\n<h2><strong>8. Informationen \u00fcber Cookies<\/strong><\/h2>\n\n<ol><li>Die Website verwendet Cookies.<\/li><li>Cookies sind IT-Daten, insbesondere Textdateien, die im Endger\u00e4t des Dienstnutzers gespeichert werden und f\u00fcr die Nutzung der Website bestimmt sind. Cookies enthalten in der Regel den Namen der Website, von der sie stammen, die Dauer der Speicherung auf dem Endger\u00e4t und eine eindeutige Nummer.<\/li><li>Der Auftragsverarbeiter, der die Cookies auf dem Endger\u00e4t des Nutzers platziert und auf sie zugreift, ist der Betreiber der Website.<\/li><li>Cookies werden f\u00fcr die nachfolgend genannten Zwecke verwendet:<ol><li>Beibehaltung einer Sitzung des Website-Nutzers (nach dem Einloggen), dank derer der Nutzer sein Login und sein Passwort nicht auf jeder Unterseite der Website erneut eingeben muss;<\/li><li>um die oben unter \u201eWesentliche Marketingtechniken\u201c genannten Ziele zu erreichen;<\/li><\/ol><\/li><li>Auf der Website werden haupts\u00e4chlich zwei Arten von Cookies verwendet: Sitzungscookies (session cookies) und dauerhafte Cookies (persistent cookies). Sitzungscookies sind tempor\u00e4re Dateien, die auf dem Endger\u00e4t des Nutzers gespeichert werden, bis sich der Nutzer abmeldet, die Website verl\u00e4sst oder die Software (Webbrowser) ausschaltet. Dauerhafte Cookies werden auf dem Endger\u00e4t des Nutzers f\u00fcr die in den Parametern der Cookies angegebene Zeit oder bis zu ihrer L\u00f6schung durch den Nutzer gespeichert.<\/li><li>Die Software f\u00fcr das Browsen im Internet (Webbrowser) erlaubt in der Regel standardm\u00e4\u00dfig die Speicherung von Cookies auf dem Endger\u00e4t des Nutzers. Die Nutzer der Website k\u00f6nnen ihre diesbez\u00fcglichen Einstellungen \u00e4ndern. Ihr Webbrowser erlaubt es Ihnen, Cookies zu l\u00f6schen. Es ist auch m\u00f6glich, Cookies automatisch zu blockieren. Einzelheiten entnehmen Sie bitte der Hilfe oder Dokumentation Ihres Internet-Browsers.<\/li><li>Einschr\u00e4nkungen bei der Verwendung von Cookies k\u00f6nnen einige der auf der Website verf\u00fcgbaren Funktionen beeintr\u00e4chtigen.<\/li><li>Die im Endger\u00e4t des Nutzers der Website platzierten Cookies k\u00f6nnen auch von Einrichtungen verwendet werden, die mit dem Betreiber der Website zusammenarbeiten, insbesondere von solchen Unternehmen wie: Google (Google Inc. mit Sitz in den USA), Facebook (Facebook Inc. mit Sitz in den USA), Twitter (Twitter Inc. mit Sitz in den USA).<\/li><\/ol>\n\n<h2><strong>9. Umgang mit Cookies: Wie kann die Zustimmung in der Praxis erteilt und zur\u00fcckgezogen werden?<\/strong><\/h2>\n\n<ol><li>Wenn Sie keine Cookies erhalten m\u00f6chten, k\u00f6nnen Sie Ihre Browsereinstellungen \u00e4ndern. Bitte beachten Sie, dass die Deaktivierung von Cookies, die f\u00fcr Authentifizierungsprozesse, die Sicherheit und die Beibehaltung von Nutzerpr\u00e4ferenzen unerl\u00e4sslich sind, die Nutzung der Websites erschweren und in extremen F\u00e4llen unm\u00f6glich machen kann<\/li><li>Um Ihre Cookie-Einstellungen zu verwalten, w\u00e4hlen Sie den von Ihnen verwendeten Webbrowser aus der folgenden Liste aus und folgen Sie den Anweisungen: Mobilger\u00e4te:<ul><li><a href=\"https:\/\/support.microsoft.com\/pl-pl\/help\/10607\/microsoft-edge-view-delete-browser-history\">Edge<\/a><\/li><li><a href=\"https:\/\/support.microsoft.com\/pl-pl\/help\/278835\/how-to-delete-cookie-files-in-internet-explorer\">Internet Explorer<\/a><\/li><li><a href=\"http:\/\/support.google.com\/chrome\/bin\/answer.py?hl=pl&amp;answer=95647\">Chrome<\/a><\/li><li><a href=\"http:\/\/support.apple.com\/kb\/PH5042\">Safari<\/a><\/li><li><a href=\"http:\/\/support.mozilla.org\/pl\/kb\/W%C5%82%C4%85czanie%20i%20wy%C5%82%C4%85czanie%20obs%C5%82ugi%20ciasteczek\">Firefox<\/a><\/li><li><a href=\"http:\/\/help.opera.com\/Windows\/12.10\/pl\/cookies.html\">Opera<\/a><\/li><\/ul><\/li><\/ol>\n\n<p>Diese Musterbestimmungen wurden kostenlos und zu Informationszwecken auf der Grundlage unseres Wissens, der Branchenpraxis und der zum 14.08.2018 geltenden Gesetzgebung erstellt. Wir empfehlen, die Musterbestimmungen zu \u00fcberpr\u00fcfen, bevor Sie sie auf der Website verwenden. Dieses Muster basiert auf den am h\u00e4ufigsten vorkommenden Situationen auf Websites, spiegelt aber m\u00f6glicherweise nicht die vollst\u00e4ndigen und genauen Besonderheiten Ihrer Website wider. Lesen Sie das erstellte Dokument sorgf\u00e4ltig durch und passen Sie es gegebenenfalls an Ihre Situation an oder lassen Sie sich juristisch beraten. Wir \u00fcbernehmen keine Verantwortung f\u00fcr die Folgen der Verwendung dieses Dokuments, weil nur Sie in der Lage sind, die Richtigkeit aller darin enthaltenen Informationen zu \u00fcberpr\u00fcfen. Beachten Sie auch, dass selbst die besten Datenschutzbestimmungen nur einen Teil Ihrer Bem\u00fchungen um den Schutz von personenbezogenen Daten und der Privatsph\u00e4re der Nutzer auf der Website ausmachen.<\/p>\n","protected":false},"excerpt":{"rendered":"<p>1. Allgemeine Informationen Diese Bestimmungen gelten f\u00fcr die Website, die unter &#8230; <\/p>\n","protected":false},"author":2,"featured_media":0,"parent":0,"menu_order":0,"comment_status":"closed","ping_status":"closed","template":"","meta":[],"_links":{"self":[{"href":"http:\/\/www.energo.com.pl\/de\/wp-json\/wp\/v2\/pages\/3336"}],"collection":[{"href":"http:\/\/www.energo.com.pl\/de\/wp-json\/wp\/v2\/pages"}],"about":[{"href":"http:\/\/www.energo.com.pl\/de\/wp-json\/wp\/v2\/types\/page"}],"author":[{"embeddable":true,"href":"http:\/\/www.energo.com.pl\/de\/wp-json\/wp\/v2\/users\/2"}],"replies":[{"embeddable":true,"href":"http:\/\/www.energo.com.pl\/de\/wp-json\/wp\/v2\/comments?post=3336"}],"version-history":[{"count":1,"href":"http:\/\/www.energo.com.pl\/de\/wp-json\/wp\/v2\/pages\/3336\/revisions"}],"predecessor-version":[{"id":3340,"href":"http:\/\/www.energo.com.pl\/de\/wp-json\/wp\/v2\/pages\/3336\/revisions\/3340"}],"wp:attachment":[{"href":"http:\/\/www.energo.com.pl\/de\/wp-json\/wp\/v2\/media?parent=3336"}],"curies":[{"name":"wp","href":"https:\/\/api.w.org\/{rel}","templated":true}]}}