{"id":3341,"date":"2023-03-23T06:55:44","date_gmt":"2023-03-23T06:55:44","guid":{"rendered":"http:\/\/www.energo.com.pl\/qualitaetsmanagementpolitik\/"},"modified":"2023-03-23T06:55:51","modified_gmt":"2023-03-23T06:55:51","slug":"qualitaetsmanagementpolitik","status":"publish","type":"page","link":"http:\/\/www.energo.com.pl\/de\/qualitaetsmanagementpolitik\/","title":{"rendered":"Qualit\u00e4tsmanagementpolitik"},"content":{"rendered":"<p>[vc_row full_width=&#8220;stretch_row&#8220; css=&#8220;.vc_custom_1574675865246{background-image: url(http:\/\/www.energo.com.pl\/wp-content\/uploads\/2019\/08\/gradient_4.jpg?id=1447) !important;background-position: center !important;background-repeat: no-repeat !important;background-size: cover !important;}&#8220;][vc_column]<div class=\"cz_gap clr \" style=\"height: 50px\"><\/div><div class=\"cz_gap clr \" style=\"height: 50px\"><\/div><div class=\"cz_gap clr \" style=\"height: 50px\"><\/div>[\/vc_column][\/vc_row][vc_row full_width=&#8220;stretch_row&#8220; css=&#8220;.vc_custom_1574347018839{background-position: center !important;background-repeat: no-repeat !important;background-size: cover !important;}&#8220;][vc_column]<div class=\"cz_gap clr \" style=\"height: 50px\"><\/div><div id=\"cz_38058\" class=\"cz_38058 cz_title clr cz_title_has_icon cz_title_pos_inline\"><div class=\"cz_title_content\"><i class=\"cz_title_icon_before fa czico-017-arrows-9\"><\/i><div class=\"cz_wpe_content\"><p style=\"text-align: left;\"><strong><span style=\"color: #000000; font-size: 38px;\">Politik des Integrierten<br \/>\nQualit\u00e4ts-, Umwelt- sowie Arbeitsschutz- und Arbeitshygienemanagementsystems<\/span><\/strong><\/p>\n<\/div><\/div><\/div><div class=\"cz_gap clr \" style=\"height: 50px\"><\/div><div id=\"cz_29937\" class=\"cz_29937 cz_title clr cz_title_pos_inline\"><div class=\"cz_title_content\"><div class=\"cz_wpe_content\"><h4>Das Integrierte Managementsystem, welches bei ENERGOREMONT Sp. z o.o. eingef\u00fchrt wurde und das drei Systeme in sich verbindet: das Qualit\u00e4tsmanagementsystem (gem\u00e4\u00df ISO 9001), das Umweltmanagementsystem (gem\u00e4\u00df ISO 14001) sowie das Arbeitsschutz- und Arbeitshygienemanagementsystem gem\u00e4\u00df (ISO 45001). Diese bilden ein dokumentiertes und koh\u00e4rentes System zur effektiven Verwaltung diverser Aspekte der Firma durch die Festlegung und Umsetzung einer einheitlichen Politik sowie der daraus hervorgehenden Ziele.<\/h4>\n<h4><span style=\"color: #ffdd00;\">ENERGOREMONT Sp. z o.o.<\/span> ist ein spezialisiertes Dienstleistungs- und Produktionsunternehmen, das aktuellen und potenziellen Kunden umfassende L\u00f6sungen f\u00fcr die Planung, Herstellung, Montage sowie Modernisierung und \u00dcberholung von Rohrb\u00fcndelw\u00e4rmetauschern bietet \u2013 unter Einhaltung von Qualit\u00e4tsstandards und geltenden Normen sowie unter Ber\u00fccksichtigung von Umweltschutz und Arbeitssicherheit.<\/h4>\n<\/div><\/div><\/div><div class=\"cz_gap clr \" style=\"height: 50px\"><\/div>[\/vc_column][\/vc_row][vc_row full_width=&#8220;stretch_row&#8220; css=&#8220;.vc_custom_1576750667245{background-image: url(http:\/\/www.energo.com.pl\/wp-content\/uploads\/2019\/12\/tlo-czarne.png?id=2363) !important;background-position: center !important;background-repeat: no-repeat !important;background-size: cover !important;}&#8220;][vc_column]<div class=\"cz_gap clr \" style=\"height: 50px\"><\/div><div id=\"cz_13327\" class=\"cz_13327 cz_title clr cz_title_pos_center\"><div class=\"cz_title_content\"><div class=\"cz_wpe_content\"><h3><span style=\"color: white; font-size: 38px;\">Unsere Vision<\/span><\/h3>\n<\/div><\/div><\/div><div class=\"cz_gap clr \" style=\"height: 50px\"><\/div><div id=\"cz_17318\" class=\"cz_17318 cz_title clr cz_title_pos_center\"><div class=\"cz_title_content\"><div class=\"cz_wpe_content\"><h3>Wir wollen, dass die Fa. ENERGOREMONT als verantwortungsvoller und vertrauensw\u00fcrdiger Partner wahrgenommen und mit den nachfolgend genannten Bereichen identifiziert wird:<\/h3>\n<ul>\n<li style=\"text-align: left;\">effiziente Renovierungstechnologie und moderne Produktionstechnik,<\/li>\n<li style=\"text-align: left;\">professionelles Ingenieurpersonal,<\/li>\n<li style=\"text-align: left;\">hohe Qualit\u00e4t der hergestellten Ger\u00e4te und der erbrachten Renovierungsleistungen,<\/li>\n<li style=\"text-align: left;\">Arbeitsschutz und Arbeitshygiene,<\/li>\n<li style=\"text-align: left;\">Umweltschutzf\u00f6rderung.<\/li>\n<\/ul>\n<\/div><\/div><\/div><div class=\"cz_gap clr \" style=\"height: 50px\"><\/div>[\/vc_column][\/vc_row][vc_row full_width=&#8220;stretch_row&#8220; css=&#8220;.vc_custom_1574348176254{background-position: center !important;background-repeat: no-repeat !important;background-size: cover !important;}&#8220;][vc_column]<div class=\"cz_gap clr \" style=\"height: 50px\"><\/div><div class=\"cz_gap clr \" style=\"height: 50px\"><\/div><div id=\"cz_40661\" class=\"cz_40661 cz_title clr cz_title_pos_center\"><div class=\"cz_title_content\"><div class=\"cz_wpe_content\"><h3><span style=\"color: black; font-size: 38px;\">Unser strategisches Ziel:<\/span><\/h3>\n<\/div><\/div><\/div><div class=\"cz_gap clr \" style=\"height: 50px\"><\/div><div id=\"cz_78144\" class=\"cz_78144 cz_title clr cz_title_has_bg cz_title_pos_center\"><div class=\"cz_title_content\"><div class=\"cz_wpe_content\"><p>Unser Ziel ist es, dass die Fa. ENERGOREMONT ein bedeutender Hersteller von industriellen W\u00e4rmetauschern auf dem europ\u00e4ischen Markt wird.<\/p>\n<\/div><\/div><\/div><div class=\"cz_gap clr \" style=\"height: 50px\"><\/div>[\/vc_column][\/vc_row][vc_row full_width=&#8220;stretch_row&#8220; css=&#8220;.vc_custom_1576750680852{background-image: url(http:\/\/www.energo.com.pl\/wp-content\/uploads\/2019\/12\/tlo-czarne.png?id=2363) !important;background-position: center !important;background-repeat: no-repeat !important;background-size: cover !important;}&#8220;][vc_column]<div class=\"cz_gap clr \" style=\"height: 50px\"><\/div><div id=\"cz_17720\" class=\"cz_17720 cz_title clr cz_title_pos_center\"><div class=\"cz_title_content\"><div class=\"cz_wpe_content\"><h3><span style=\"color: white; font-size: 38px;\">Wir verwirklichen unsere Ziele durch:<\/span><\/h3>\n<\/div><\/div><\/div><div class=\"cz_gap clr \" style=\"height: 50px\"><\/div><div id=\"cz_22116\" class=\"cz_22116 cz_title clr cz_title_pos_center\"><div class=\"cz_title_content\"><div class=\"cz_wpe_content\"><ul style=\"text-align: left;\">\n<li>das Aufbauen dauerhafter und partnerschaftlicher Beziehungen zu Kunden, Lieferanten und Unterauftragnehmern, die Zusammenarbeit mit Forschungs- und Entwicklungsabteilungen zur Verbesserung der Produktqualit\u00e4t sowie der Effizienz der Dienstleistungen,<\/li>\n<li>die Verbesserung der internen Arbeitsorganisation auf der Grundlage von systematisch verbesserten Prozeduren, welche durch moderne IT-Werkzeuge unterst\u00fctzt werden,<\/li>\n<li>die kontinuierliche Steigerung des Bewusstseins und der Qualifikation von Besch\u00e4ftigten, um sie wirksam zu motivieren und das Engagement der Besch\u00e4ftigten f\u00fcr Qualit\u00e4tsverbesserung, Umweltschutz sowie Arbeitsschutz und Arbeitshygiene zu erh\u00f6hen,<\/li>\n<li>die rationelle und effiziente Nutzung der zur Verf\u00fcgung stehenden Ressourcen, die Minimierung und Optimierung der Kosten und die Bereitstellung von Mitteln f\u00fcr die Durchf\u00fchrung von Investitionen zur Verbesserung der Qualit\u00e4t von Produkten und Dienstleistungen, des Arbeitsschutzes und der Arbeitshygiene sowie des Umweltschutzes.<\/li>\n<\/ul>\n<\/div><\/div><\/div><div class=\"cz_gap clr \" style=\"height: 50px\"><\/div>[\/vc_column][\/vc_row][vc_row full_width=&#8220;stretch_row&#8220; css=&#8220;.vc_custom_1574348176254{background-position: center !important;background-repeat: no-repeat !important;background-size: cover !important;}&#8220;][vc_column]<div class=\"cz_gap clr \" style=\"height: 50px\"><\/div><div id=\"cz_18868\" class=\"cz_18868 cz_title clr cz_title_pos_center\"><div class=\"cz_title_content\"><div class=\"cz_wpe_content\"><h3><span style=\"color: black; font-size: 38px;\">Wir erkl\u00e4ren hiermit<\/span><\/h3>\n<\/div><\/div><\/div><div class=\"cz_gap clr \" style=\"height: 50px\"><\/div><div id=\"cz_100629\" class=\"cz_100629 cz_title clr cz_title_has_bg cz_title_pos_center tar\"><div class=\"cz_title_content\"><div class=\"cz_wpe_content\"><ul>\n<li style=\"text-align: left;\">die Erf\u00fcllung der Anforderungen der Kunden sowie anderer Interessengruppen, gesetzlicher Anforderungen sowie anderer Anforderungen, zu denen wir uns verpflichtet haben und die sich auf Umweltaspekte sowie den Arbeitsschutz und die Arbeitshygiene beziehen,<\/li>\n<li style=\"text-align: left;\">die kontinuierliche Verringerung der Umweltbelastung, die Vermeidung von Schadstoffemissionen und die Abfalltrennung, um deren Verwertung oder sichere Entsorgung zu gew\u00e4hrleisten,<\/li>\n<li style=\"text-align: left;\">die kontinuierliche Verbesserung der Bedingungen und Ergebnisse von Aktivit\u00e4ten im Bereich des Arbeitsschutzes und der Arbeitshygiene, der Verh\u00fctung von Unf\u00e4llen, Beinaheunf\u00e4llen und Berufskrankheiten sowie der Verringerung der berufsbedingten Risiken,<\/li>\n<li style=\"text-align: left;\">die Verbesserung der Vorbeugung, Vorbereitung und Reaktion auf Unfallgefahren und potenzielle Notfallsituationen, um die Sch\u00e4den f\u00fcr Menschen und Umwelt zu minimieren,<\/li>\n<li style=\"text-align: left;\">die Bereitstellung der erforderlichen Ressourcen und Mittel sowie die Einbeziehung des gesamten Personals in die Aufrechterhaltung und st\u00e4ndige Verbesserung der Wirksamkeit der Managementsysteme f\u00fcr Qualit\u00e4t, Umwelt, Arbeitsschutz und Arbeitshygiene.<\/li>\n<\/ul>\n<p style=\"text-align: left;\">Das Integrierte Managementsystem \u2013 das auf den aktuellen Normen EN ISO 9001:2008, EN ISO 14001:2004, PN-ISO 45001:2018 und PN-EN ISO 3834:2007 basiert \u2013 stellt ein wirksames Werkzeug zur Umsetzung dieser Politik dar.<\/p>\n<p style=\"text-align: left;\">Wir bekr\u00e4ftigen, dass diese Politik mit den Besch\u00e4ftigten vereinbart wurde, allen Besch\u00e4ftigten bekannt ist, von ihnen verstanden und umgesetzt wird und \u00f6ffentlich zug\u00e4nglich ist.<\/p>\n<div>\n<div style=\"text-align: left;\">Krasnystaw, 2. September 2020<\/div>\n<div class=\"ac\" style=\"text-align: right;\">Gesch\u00e4ftsf\u00fchrer<br \/>\nDipl.-Ing. Kazimierz Ruszniak<\/div>\n<\/div>\n<\/div><\/div><\/div><div class=\"cz_gap clr \" style=\"height: 50px\"><\/div><div class=\"cz_gap clr \" style=\"height: 50px\"><\/div><div id=\"cz_80358\" class=\"cz_80358 cz_title clr cz_title_pos_center tac\"><div class=\"cz_title_content\"><div class=\"cz_wpe_content\"><h3 style=\"text-align: center;\"><span style=\"color: black; font-size: 38px;\">Unsere Zertifikate<\/span><\/h3>\n\n\t\t<style type=\"text\/css\">\n\t\t\t#gallery-1 {\n\t\t\t\tmargin: auto;\n\t\t\t}\n\t\t\t#gallery-1 .gallery-item {\n\t\t\t\tfloat: left;\n\t\t\t\tmargin-top: 10px;\n\t\t\t\ttext-align: center;\n\t\t\t\twidth: 50%;\n\t\t\t}\n\t\t\t#gallery-1 img {\n\t\t\t\tborder: 2px solid #cfcfcf;\n\t\t\t}\n\t\t\t#gallery-1 .gallery-caption {\n\t\t\t\tmargin-left: 0;\n\t\t\t}\n\t\t\t\/* see gallery_shortcode() in wp-includes\/media.php *\/\n\t\t<\/style>\n\t\t<div id='gallery-1' class='gallery galleryid-3341 gallery-columns-2 gallery-size-medium'><dl class='gallery-item'>\n\t\t\t<dt class='gallery-icon portrait'>\n\t\t\t\t<a href='http:\/\/www.energo.com.pl\/wp-content\/uploads\/2021\/12\/Certyfikat_2.jpg'><img width=\"212\" height=\"300\" src=\"data:image\/svg+xml,%3Csvg%20xmlns%3D&#39;http%3A%2F%2Fwww.w3.org%2F2000%2Fsvg&#39;%20width=&#39;212&#39;%20height=&#39;300&#39;%20viewBox%3D&#39;0%200%20212%20300&#39;%2F%3E\" data-czlz data-src=\"http:\/\/www.energo.com.pl\/wp-content\/uploads\/2021\/12\/Certyfikat_2-212x300.jpg\" class=\"attachment-medium size-medium\" alt=\"\" data-srcset=\"http:\/\/www.energo.com.pl\/wp-content\/uploads\/2021\/12\/Certyfikat_2-212x300.jpg 212w, http:\/\/www.energo.com.pl\/wp-content\/uploads\/2021\/12\/Certyfikat_2-724x1024.jpg 724w, http:\/\/www.energo.com.pl\/wp-content\/uploads\/2021\/12\/Certyfikat_2-768x1086.jpg 768w, http:\/\/www.energo.com.pl\/wp-content\/uploads\/2021\/12\/Certyfikat_2-600x848.jpg 600w, http:\/\/www.energo.com.pl\/wp-content\/uploads\/2021\/12\/Certyfikat_2.jpg 990w\" data-sizes=\"(max-width: 212px) 100vw, 212px\" \/><\/a>\n\t\t\t<\/dt><\/dl><dl class='gallery-item'>\n\t\t\t<dt class='gallery-icon portrait'>\n\t\t\t\t<a href='http:\/\/www.energo.com.pl\/wp-content\/uploads\/2021\/12\/Certyfikat_1.jpg'><img width=\"212\" height=\"300\" src=\"data:image\/svg+xml,%3Csvg%20xmlns%3D&#39;http%3A%2F%2Fwww.w3.org%2F2000%2Fsvg&#39;%20width=&#39;212&#39;%20height=&#39;300&#39;%20viewBox%3D&#39;0%200%20212%20300&#39;%2F%3E\" data-czlz data-src=\"http:\/\/www.energo.com.pl\/wp-content\/uploads\/2021\/12\/Certyfikat_1-212x300.jpg\" class=\"attachment-medium size-medium\" alt=\"\" data-srcset=\"http:\/\/www.energo.com.pl\/wp-content\/uploads\/2021\/12\/Certyfikat_1-212x300.jpg 212w, http:\/\/www.energo.com.pl\/wp-content\/uploads\/2021\/12\/Certyfikat_1-724x1024.jpg 724w, http:\/\/www.energo.com.pl\/wp-content\/uploads\/2021\/12\/Certyfikat_1-768x1086.jpg 768w, http:\/\/www.energo.com.pl\/wp-content\/uploads\/2021\/12\/Certyfikat_1-600x848.jpg 600w, http:\/\/www.energo.com.pl\/wp-content\/uploads\/2021\/12\/Certyfikat_1.jpg 990w\" data-sizes=\"(max-width: 212px) 100vw, 212px\" \/><\/a>\n\t\t\t<\/dt><\/dl><br style=\"clear: both\" \/>\n\t\t<\/div>\n\n<h3 style=\"text-align: center;\"><span style=\"color: #000000; font-size: 38px;\">Auswirkungen auf die Umwelt<\/span><\/h3>\n<\/div><\/div><\/div><div class=\"cz_gap clr \" style=\"height: 50px\"><\/div><div id=\"cz_13975\" class=\"cz_13975 cz_title clr cz_title_pos_inline\"><div class=\"cz_title_content\"><div class=\"cz_wpe_content\"><p>Bei der Identifizierung der Auswirkungen von ENERGOREMONT Sp. z o.o. (Identifizierung von Umweltaspekten) auf die Umwelt, die das Unternehmen beeinflussen und \u00fcberwachen kann, werden nicht nur die normalen Betriebsbedingungen, sondern auch Notfallsituationen ber\u00fccksichtigt. Die ermittelten Umweltauswirkungen (Umweltaspekte) werden nach den Kriterien der Prozedur \u201eIdentifizierung der Umweltaspekte\u201c bewertet.<\/p>\n<p style=\"text-align: left;\">Zu den bedeutenden Umweltaspekten im Zusammenhang mit den direkten Handlungen von ENERGOREMONT Sp. z o.o. z\u00e4hlen wir Folgendes:<\/p>\n<ul style=\"text-align: left;\">\n<li>Emissionen von Gasen und St\u00e4uben in die Luft (Schwei\u00dfverfahren, Gas- und Plasmaschneiden von Stahl, fl\u00fcchtige organische Verbindungen, kurz VOC),<\/li>\n<li>Entstehung von gef\u00e4hrlichen Abf\u00e4llen (Alt\u00f6le und Altfette, Altfarben und Altlacke, Verpackungen nach gef\u00e4hrlichen Stoffen oder mit solchen verunreinigt),<\/li>\n<\/ul>\n<p style=\"text-align: left;\">sowie potenzielle Auswirkungen, die in Notfallsituationen auftreten k\u00f6nnen, betreffend:<\/p>\n<ul style=\"text-align: left;\">\n<li>die Gefahr des Austretens gef\u00e4hrlicher Stoffe (\u00d6le, Kraftstoffe) \u2013 kann Bodenkontamination verursachen,<\/li>\n<li>die Brand- und Explosionsgefahr \u2013 kann Luftverschmutzung verursachen,<\/li>\n<\/ul>\n<p>und die Entstehung von Abf\u00e4llen, die nicht im normalen Betrieb entstehen (z. B. Inbetriebnahme neuer Anlagen und Maschinen).<\/p>\n<p>F\u00fcr alle identifizierten bedeutsamen Umweltaspekte wurden Regeln zur \u00dcberwachung deren Ausma\u00dfes bestimmt. F\u00fcr die in einem bestimmten Zeitraum ausgew\u00e4hlten wichtigen Umweltaspekte werden Umweltprogramme aufgestellt, um die negativen Auswirkungen auf die Umwelt zu verringern.<\/p>\n<\/div><\/div><\/div><div class=\"cz_gap clr \" style=\"height: 50px\"><\/div>[\/vc_column][\/vc_row]<\/p>\n","protected":false},"excerpt":{"rendered":"<p>[vc_row full_width=&#8220;stretch_row&#8220; css=&#8220;.vc_custom_1574675865246{background-image: url(http:\/\/www.energo.com.pl\/wp-content\/uploads\/2019\/08\/gradient_4.jpg?id=1447) !important;background-position: center !important;background-repeat: no-repeat !important;background-size: cover !important;}&#8220;][vc_column][\/vc_column][\/vc_row][vc_row &#8230; <\/p>\n","protected":false},"author":2,"featured_media":0,"parent":0,"menu_order":0,"comment_status":"closed","ping_status":"closed","template":"","meta":[],"_links":{"self":[{"href":"http:\/\/www.energo.com.pl\/de\/wp-json\/wp\/v2\/pages\/3341"}],"collection":[{"href":"http:\/\/www.energo.com.pl\/de\/wp-json\/wp\/v2\/pages"}],"about":[{"href":"http:\/\/www.energo.com.pl\/de\/wp-json\/wp\/v2\/types\/page"}],"author":[{"embeddable":true,"href":"http:\/\/www.energo.com.pl\/de\/wp-json\/wp\/v2\/users\/2"}],"replies":[{"embeddable":true,"href":"http:\/\/www.energo.com.pl\/de\/wp-json\/wp\/v2\/comments?post=3341"}],"version-history":[{"count":8,"href":"http:\/\/www.energo.com.pl\/de\/wp-json\/wp\/v2\/pages\/3341\/revisions"}],"predecessor-version":[{"id":3363,"href":"http:\/\/www.energo.com.pl\/de\/wp-json\/wp\/v2\/pages\/3341\/revisions\/3363"}],"wp:attachment":[{"href":"http:\/\/www.energo.com.pl\/de\/wp-json\/wp\/v2\/media?parent=3341"}],"curies":[{"name":"wp","href":"https:\/\/api.w.org\/{rel}","templated":true}]}}