{"id":3390,"date":"2023-04-17T15:30:30","date_gmt":"2023-04-17T15:30:30","guid":{"rendered":"http:\/\/www.energo.com.pl\/?page_id=3390"},"modified":"2023-04-17T15:42:35","modified_gmt":"2023-04-17T15:42:35","slug":"ueber-das-unternehmen","status":"publish","type":"page","link":"http:\/\/www.energo.com.pl\/de\/ueber-das-unternehmen\/","title":{"rendered":"\u00dcber das Unternehmen"},"content":{"rendered":"<p>[vc_row css=&#8220;.vc_custom_1576747275855{background-image: url(http:\/\/www.energo.com.pl\/wp-content\/uploads\/2019\/08\/slajder.png?id=1445) !important;}&#8220;][vc_column]<div class=\"cz_gap clr \" style=\"height: 50px\"><\/div><div class=\"cz_gap clr \" style=\"height: 50px\"><\/div><div class=\"cz_gap clr \" style=\"height: 50px\"><\/div>[\/vc_column][\/vc_row][vc_row][vc_column]<div id=\"cz_60599\" class=\"cz_60599 cz_title clr cz_title_has_icon cz_title_pos_inline\"><div class=\"cz_title_content\"><i class=\"cz_title_icon_before fa czico-137-play-button-2\"><\/i><div class=\"cz_wpe_content\"><h3><span style=\"color: #000000; font-size: 38px;\">\u00dcber das Unternehmen<\/span><\/h3>\n<\/div><\/div><\/div><div class=\"cz_gap clr \" style=\"height: 40px\"><\/div><div id=\"cz_86853\" class=\"cz_86853 cz_title clr cz_title_pos_inline\"><div class=\"cz_title_content\"><div class=\"cz_wpe_content\"><p>ENERGOREMONT Sp. z o.o. ist ein Maschinenbauunternehmen mit langj\u00e4hriger Erfahrung, <strong>das sich auf die Herstellung, Modernisierung und \u00dcberholung von Rohrb\u00fcndelw\u00e4rmetauschern spezialisiert hat, die h\u00e4ufig in der professionellen Energieerzeugung, der Papier- und Chemieindustrie sowie der Zuckerindustrie eingesetzt werden.<\/strong><\/p>\n<p>Alle Arten von K\u00fchlern, Turbinenkondensatoren, Erhitzern, Verdampfern, Chemieapparaten, Entsorgungsapparaten und anderen W\u00e4rmetauschern k\u00f6nnen einwandfrei funktionieren, wenn sie <strong>richtig konstruiert und montiert sind<\/strong> &#8211; und hier kommen die Spezialisten von ENERGOREMONT Sp. z o.o. ins Spiel.<\/p>\n<p class=\"fb\">Das wichtigste Montageelement des Tauschers ist die Verbindung zwischen dem Rohr und dem Siebboden.<\/p>\n<p>Im Konzept und in der Technologie von ENERGOREMONT Sp. z o.o. <strong>ist das Rohr ein leicht austauschbarer Bestandteil der Anlage<\/strong> &#8211; praktisch auf die Funktion eines Verbrauchsmaterials reduziert. Der Austausch eines besch\u00e4digten Rohres erfolgt effizient und ohne die Gefahr, den Siebboden oder andere Bauteile zu besch\u00e4digen. Ein weiteres Unterscheidungsmerkmal unserer Technologie ist die hohe Arbeitsgeschwindigkeit (hohe Mechanisierung und Automatisierung), sodass eine sehr kurze Stillstandszeit ausreicht, um die urspr\u00fcngliche Qualit\u00e4t der Ausr\u00fcstung wiederherzustellen.<\/p>\n<p>&nbsp;<\/p>\n<p>Ein weiteres Problem sind die technischen Herausforderungen bei der Installation von Rohren in den leistungsst\u00e4rksten Tauschern, bei denen die Dicke des Siebbodens 500 mm erreicht. Die absolute Dichtheit der Verbindung zwischen dem Rohr und dem Siebboden in einem solchen Austauscher kann durch den Einsatz der von ENERGOREMONT Sp. z o.o. patentierten Technologie und Instrumentierung zum <strong>hydraulischen Bersten des Rohres im Bohrloch<\/strong> \u00fcber die gesamte Dicke des Siebbodens erreicht werden. Die Klemmung des Rohres im Bohrloch wird mit nur minimaler (ca. 3-5 %) Quetschung der Rohrinnenfl\u00e4che erreicht.<\/p>\n<p>&nbsp;<\/p>\n<p>Eine weitere Herausforderung ist die Montage von neuen Turbinenkondensatoren, bei denen d\u00fcnnwandige Edelstahlrohre (0,3-0,5 mm Wandst\u00e4rke) pr\u00e4zise in einen relativ schlaffen Edelstahlsiebboden eingespannt werden m\u00fcssen. Die Konstruktion dieser hocheffizienten Verfl\u00fcssiger ist ein Kompromiss zwischen Effizienz, Investitionskosten und Technologie. Hier kommen die alten, seit fast 200 Jahren angewandten F\u00fcgetechniken nicht mehr infrage, da nur die von ENERGOREMONT Sp. z o.o. verwendeten <strong>Geradstempel mit integrierter Vorschubeinheit<\/strong> pr\u00e4zise St\u00f6\u00dfe mit einer Wiederholgenauigkeit von \u00b1 1 % des Stampfgrades erm\u00f6glichen.<\/p>\n<p>&nbsp;<\/p>\n<p>Das Unternehmen befasst sich seit seiner Gr\u00fcndung mit technischen Fragen und verdient mit seinen innovativen L\u00f6sungen im Bereich der Renovierung Geld. Einen wesentlichen Beitrag <strong>zur Besch\u00e4ftigungsstruktur leistet die Ingenieurbelegschaft<\/strong>, die die Richtung der weiteren Unternehmensentwicklung bestimmt. Dank der Zusammenarbeit unserer Mitarbeiter mit technischen Universit\u00e4ten und renommierten Konstruktionsb\u00fcros gelingt es uns, neue, <strong>effiziente Rohrb\u00fcndelw\u00e4rmetauscher unter Einhaltung h\u00f6chster Qualit\u00e4tsstandards und unter Ber\u00fccksichtigung des Umweltschutzes und der menschlichen Sicherheit herzustellen<\/strong>. Wir investieren kontinuierlich in modernste Maschinen und Anlagen f\u00fcr die Herstellung von W\u00e4rmetauscherkomponenten.<\/p>\n<p>&nbsp;<\/p>\n<p>Kazimierz Ruszniak<br \/>\nPrezes Zarz\u0105du ENERGOREMONT Sp. z o.o.<\/p>\n<\/div><\/div><\/div><div class=\"cz_gap clr \" style=\"height: 40px\"><\/div><div id=\"cz_78855\" class=\"cz_78855 cz_title clr cz_title_pos_inline tac\"><div class=\"cz_title_content\"><div class=\"cz_wpe_content\"><h3 style=\"text-align: center;\">Geschichte des Unternehmens<\/h3>\n<\/div><\/div><\/div><section id=\"cz_33573\" class=\"cz_33573 cz_timeline_container cz_tl_3 cz_a_c\"><div><div id=\"cz_65486\" class=\"cz_timeline-block cz_tl_center\"><div class=\"cz_timeline-i\" ><i class=\"cz_tl_icon \"><\/i><\/div><div class=\"cz_timeline-content\"><div id=\"cz_51437\" class=\"cz_51437 cz_title clr cz_title_pos_inline\"><div class=\"cz_title_content\"><div class=\"cz_wpe_content\"><p>Wir haben das Unternehmen in Lublin gegr\u00fcndet, weil wir von den neuen M\u00f6glichkeiten, die ein eigenes Gesch\u00e4ft bot, begeistert waren. Die treibende Kraft waren die von uns entwickelten Werkzeuge und Methoden f\u00fcr den hydraulischen Ausbau von Rohren aus Turbinenkondensatoren. Wir hatten uns bereits mindestens drei Jahre zuvor als Laien mit diesem Thema besch\u00e4ftigt, da wir damals Mitarbeiter des Energiereparaturwerks in Lublin waren.<\/p>\n<\/div><\/div><\/div><span class=\"cz_date\">1988<\/span><\/div><\/div><div id=\"cz_89970\" class=\"cz_timeline-block cz_tl_right\"><div class=\"cz_timeline-i\" ><i class=\"cz_tl_icon \"><\/i><\/div><div class=\"cz_timeline-content\"><div id=\"cz_40328\" class=\"cz_40328 cz_title clr cz_title_pos_inline\"><div class=\"cz_title_content\"><div class=\"cz_wpe_content\"><p>Wir erhalten die ersten Genehmigungen des Technischen \u00dcberwachungsvereins f\u00fcr die Herstellung von Druckger\u00e4tekomponenten.<\/p>\n<\/div><\/div><\/div><span class=\"cz_date\">1992<\/span><\/div><\/div><div id=\"cz_85873\" class=\"cz_timeline-block cz_tl_right\"><div class=\"cz_timeline-i\" ><i class=\"cz_tl_icon \"><\/i><\/div><div class=\"cz_timeline-content\"><div id=\"cz_26911\" class=\"cz_26911 cz_title clr cz_title_pos_inline\"><div class=\"cz_title_content\"><div class=\"cz_wpe_content\"><p>Wir beginnen mit dem Aufbau einer Produktionsst\u00e4tte in Suchodo\u0142y. Alle Nebengeb\u00e4ude werden an die Bed\u00fcrfnisse des Unternehmens angepasst. Das B\u00fcro ist weiterhin in Lublin in angemieteten R\u00e4umen t\u00e4tig.<\/p>\n<\/div><\/div><\/div><span class=\"cz_date\">1993<\/span><\/div><\/div><div id=\"cz_32813\" class=\"cz_timeline-block cz_tl_left\"><div class=\"cz_timeline-i\" ><i class=\"cz_tl_icon \"><\/i><\/div><div class=\"cz_timeline-content\"><div id=\"cz_38036\" class=\"cz_38036 cz_title clr cz_title_pos_inline\"><div class=\"cz_title_content\"><div class=\"cz_wpe_content\"><ul class=\"conul\">\n<li>Aufgrund der guten finanziellen Aussichten und der Unterzeichnung bedeutender Vertr\u00e4ge mit Elektrownia Kozienice haben wir das Werk in Krasnystaw gekauft und setzen hier bereits unsere T\u00e4tigkeit fort, indem wir alle unsere Aktivit\u00e4ten an einem Ort konzentrieren.<\/li>\n<li>Wir erweitern unser Dienstleistungsangebot und erhalten weitere Zulassungen vom T\u00dcV f\u00fcr die Reparatur von Dampfkesseln, Wasserkesseln und festen Druckbeh\u00e4ltern.<\/li>\n<\/ul>\n<\/div><\/div><\/div><span class=\"cz_date\">1994<\/span><\/div><\/div><div id=\"cz_34299\" class=\"cz_timeline-block cz_tl_left\"><div class=\"cz_timeline-i\" ><i class=\"cz_tl_icon \"><\/i><\/div><div class=\"cz_timeline-content\"><div id=\"cz_103095\" class=\"cz_103095 cz_title clr cz_title_pos_inline\"><div class=\"cz_title_content\"><div class=\"cz_wpe_content\"><ul class=\"conul\">\n<li>Wir treten der Handelskammer f\u00fcr Energie und Umwelt bei.<\/li>\n<\/ul>\n<\/div><\/div><\/div><span class=\"cz_date\">1996<\/span><\/div><\/div><div id=\"cz_62391\" class=\"cz_timeline-block cz_tl_right\"><div class=\"cz_timeline-i\" ><i class=\"cz_tl_icon \"><\/i><\/div><div class=\"cz_timeline-content\"><div id=\"cz_13898\" class=\"cz_13898 cz_title clr cz_title_pos_inline\"><div class=\"cz_title_content\"><div class=\"cz_wpe_content\"><ul class=\"conul\">\n<li>Es ist das erste Mal, dass wir unsere Technologie au\u00dferhalb des Landes bei der \u00dcberholung eines Turbinenkondensators in Tatabanyi, Ungarn, vorstellen.<\/li>\n<\/ul>\n<\/div><\/div><\/div><span class=\"cz_date\">1996<\/span><\/div><\/div><div id=\"cz_103355\" class=\"cz_timeline-block cz_tl_left\"><div class=\"cz_timeline-i\" ><i class=\"cz_tl_icon \"><\/i><\/div><div class=\"cz_timeline-content\"><div id=\"cz_34953\" class=\"cz_34953 cz_title clr cz_title_pos_inline\"><div class=\"cz_title_content\"><div class=\"cz_wpe_content\"><ul class=\"conul\">\n<li>Wir haben eine Zusammenarbeit mit dem Centralne Biuro Konstrukcji Kot\u0142\u00f3w S.A. (Zentrales Kesselbaub\u00fcro S.A.) in Tarnowskie G\u00f3ry begonnen, die zu einer Reihe von Realisierungen gef\u00fchrt hat. Unter anderem modernisieren wir gemeinsam U-Rohr-Hochdrucktauscher. Bis heute generiert die Zusammenarbeit mit CBKK einen wesentlichen Teil des Umsatzes des Unternehmens.<\/li>\n<\/ul>\n<\/div><\/div><\/div><span class=\"cz_date\">1998<\/span><\/div><\/div><div id=\"cz_42972\" class=\"cz_timeline-block cz_tl_right\"><div class=\"cz_timeline-i\" ><i class=\"cz_tl_icon \"><\/i><\/div><div class=\"cz_timeline-content\"><div id=\"cz_11653\" class=\"cz_11653 cz_title clr cz_title_pos_inline\"><div class=\"cz_title_content\"><div class=\"cz_wpe_content\"><ul class=\"conul\">\n<li>Wir beginnen eine Partnerschaft mit dem Institut f\u00fcr W\u00e4rmetechnik der Technischen Universit\u00e4t Warschau. Die bei ITC PW entwickelten neuen Kondensatorb\u00fcndelprofile, die bei der Modernisierung des Kondensators der Turbine des 110-MW-Blocks im Kraftwerk Skawina eingesetzt wurden, erm\u00f6glichten bessere Ergebnisse als die vertraglich zugesicherten.<\/li>\n<\/ul>\n<\/div><\/div><\/div><span class=\"cz_date\">2001<\/span><\/div><\/div><div id=\"cz_74463\" class=\"cz_timeline-block cz_tl_left\"><div class=\"cz_timeline-i\" ><i class=\"cz_tl_icon \"><\/i><\/div><div class=\"cz_timeline-content\"><div id=\"cz_97108\" class=\"cz_97108 cz_title clr cz_title_pos_inline\"><div class=\"cz_title_content\"><div class=\"cz_wpe_content\"><ul class=\"conul\">\n<li>Wir haben die Einf\u00fchrung eines Qualit\u00e4tsmanagementsystems gem\u00e4\u00df den Anforderungen der ISO 9001 abgeschlossen, was durch die Ausstellung von Zertifikaten durch die Zertifizierungsstellen UDT-CERT und T\u00dcV NORD best\u00e4tigt wurde.<\/li>\n<\/ul>\n<\/div><\/div><\/div><span class=\"cz_date\">2001<\/span><\/div><\/div><div id=\"cz_37328\" class=\"cz_timeline-block cz_tl_right\"><div class=\"cz_timeline-i\" ><i class=\"cz_tl_icon \"><\/i><\/div><div class=\"cz_timeline-content\"><div id=\"cz_62694\" class=\"cz_62694 cz_title clr cz_title_pos_inline\"><div class=\"cz_title_content\"><div class=\"cz_wpe_content\"><ul class=\"conul\">\n<li>Wir erhalten eine Zertifizierung von UDT-CERT, die best\u00e4tigt, dass das Unternehmen in der Lage ist, die Anforderungen der Richtlinie 97\/23\/EG gem\u00e4\u00df den Modulen H; H1; G zu erf\u00fcllen.<\/li>\n<li>Wir haben die Einf\u00fchrung eines Umweltmanagementsystems gem\u00e4\u00df den Anforderungen von ISO 14001:2004 und eines Arbeitsschutzmanagementsystems gem\u00e4\u00df den Anforderungen von PN-N 18001:2005 abgeschlossen, was durch Zertifikate des T\u00dcV NORD best\u00e4tigt wird.<\/li>\n<\/ul>\n<\/div><\/div><\/div><span class=\"cz_date\">2004<\/span><\/div><\/div><div id=\"cz_20515\" class=\"cz_timeline-block cz_tl_left\"><div class=\"cz_timeline-i\" ><i class=\"cz_tl_icon \"><\/i><\/div><div class=\"cz_timeline-content\"><div id=\"cz_90088\" class=\"cz_90088 cz_title clr cz_title_pos_inline\"><div class=\"cz_title_content\"><div class=\"cz_wpe_content\"><ul class=\"conul\">\n<li>Wir f\u00fchren die Herstellung von Spiral\u00f6lk\u00fchlern in unsere Produktpalette ein.<\/li>\n<\/ul>\n<\/div><\/div><\/div><span class=\"cz_date\">2006<\/span><\/div><\/div><div id=\"cz_21728\" class=\"cz_timeline-block cz_tl_right\"><div class=\"cz_timeline-i\" ><i class=\"cz_tl_icon \"><\/i><\/div><div class=\"cz_timeline-content\"><div id=\"cz_73709\" class=\"cz_73709 cz_title clr cz_title_pos_inline\"><div class=\"cz_title_content\"><div class=\"cz_wpe_content\"><ul class=\"conul\">\n<li>Wir nehmen die erste Phase der Montagehalle mit der dazugeh\u00f6rigen Infrastruktur (Strahlkammer, Lackierkabine, Wasserstanzmaschine) in Betrieb.<\/li>\n<\/ul>\n<\/div><\/div><\/div><span class=\"cz_date\">2007<\/span><\/div><\/div><div id=\"cz_44055\" class=\"cz_timeline-block cz_tl_right\"><div class=\"cz_timeline-i\" ><i class=\"cz_tl_icon \"><\/i><\/div><div class=\"cz_timeline-content\"><div id=\"cz_39228\" class=\"cz_39228 cz_title clr cz_title_pos_inline\"><div class=\"cz_title_content\"><div class=\"cz_wpe_content\"><ul class=\"conul\">\n<li>Nach vielen Jahren der Erprobung f\u00fchren wir die Technologie des hydraulischen Rohrberstens in den Siebb\u00f6den der Tauscher ein, um h\u00f6chste Betriebsparameter zu erreichen.<\/li>\n<li>Wir bauen den Flachbau zugunsten des zweiten Bauabschnitts der Montagehalle endg\u00fcltig ab und erweitern den vor einem Jahr \u00fcbergebenen ersten Bauabschnitt auf eine Gesamtl\u00e4nge von 95 m.<\/li>\n<li>Wir r\u00fcsten das Werk mit weiteren Hightech-Maschinen aus, darunter ein CNC-Bearbeitungszentrum und eine Unterpulverschwei\u00dfmaschine.<\/li>\n<li>Wir vergr\u00f6\u00dfern das Werk, indem wir ein angrenzendes Grundst\u00fcck mit bestehenden Geb\u00e4uden erwerben und es f\u00fcr die Lagerverwaltung umbauen und einen Portalkran installieren.<\/li>\n<li>Wir feiern das 20-j\u00e4hrige Bestehen von ENERGOREMONT Sp. z o.o.<\/li>\n<\/ul>\n<\/div><\/div><\/div><span class=\"cz_date\">2008<\/span><\/div><\/div><\/div><\/section>[\/vc_column][\/vc_row]<\/p>\n","protected":false},"excerpt":{"rendered":"<p>[vc_row css=&#8220;.vc_custom_1576747275855{background-image: url(http:\/\/www.energo.com.pl\/wp-content\/uploads\/2019\/08\/slajder.png?id=1445) !important;}&#8220;][vc_column][\/vc_column][\/vc_row][vc_row][vc_column][\/vc_column][\/vc_row] &#8230; <\/p>\n","protected":false},"author":2,"featured_media":0,"parent":0,"menu_order":0,"comment_status":"closed","ping_status":"closed","template":"","meta":[],"_links":{"self":[{"href":"http:\/\/www.energo.com.pl\/de\/wp-json\/wp\/v2\/pages\/3390"}],"collection":[{"href":"http:\/\/www.energo.com.pl\/de\/wp-json\/wp\/v2\/pages"}],"about":[{"href":"http:\/\/www.energo.com.pl\/de\/wp-json\/wp\/v2\/types\/page"}],"author":[{"embeddable":true,"href":"http:\/\/www.energo.com.pl\/de\/wp-json\/wp\/v2\/users\/2"}],"replies":[{"embeddable":true,"href":"http:\/\/www.energo.com.pl\/de\/wp-json\/wp\/v2\/comments?post=3390"}],"version-history":[{"count":3,"href":"http:\/\/www.energo.com.pl\/de\/wp-json\/wp\/v2\/pages\/3390\/revisions"}],"predecessor-version":[{"id":3394,"href":"http:\/\/www.energo.com.pl\/de\/wp-json\/wp\/v2\/pages\/3390\/revisions\/3394"}],"wp:attachment":[{"href":"http:\/\/www.energo.com.pl\/de\/wp-json\/wp\/v2\/media?parent=3390"}],"curies":[{"name":"wp","href":"https:\/\/api.w.org\/{rel}","templated":true}]}}