{"id":3138,"date":"2022-01-19T07:56:54","date_gmt":"2022-01-19T07:56:54","guid":{"rendered":"http:\/\/www.energo.com.pl\/about-us\/"},"modified":"2024-09-13T08:31:13","modified_gmt":"2024-09-13T08:31:13","slug":"about-us","status":"publish","type":"page","link":"http:\/\/www.energo.com.pl\/en\/about-us\/","title":{"rendered":"About us"},"content":{"rendered":"<p>[vc_row css=&#8221;.vc_custom_1576747275855{background-image: url(http:\/\/www.energo.com.pl\/wp-content\/uploads\/2019\/08\/slajder.png?id=1445) !important;}&#8221;][vc_column]<div class=\"cz_gap clr \" style=\"height: 50px\"><\/div><div class=\"cz_gap clr \" style=\"height: 50px\"><\/div><div class=\"cz_gap clr \" style=\"height: 50px\"><\/div>[\/vc_column][\/vc_row][vc_row][vc_column]<div id=\"cz_36846\" class=\"cz_36846 cz_title clr cz_title_has_icon cz_title_pos_inline\"><div class=\"cz_title_content\"><i class=\"cz_title_icon_before fa czico-137-play-button-2\"><\/i><div class=\"cz_wpe_content\"><h3><span style=\"color: #000000; font-size: 38px;\">About us<br \/>\n<\/span><\/h3>\n<\/div><\/div><\/div><div class=\"cz_gap clr \" style=\"height: 40px\"><\/div><div id=\"cz_69219\" class=\"cz_69219 cz_title clr cz_title_pos_inline\"><div class=\"cz_title_content\"><div class=\"cz_wpe_content\"><p>ENERGOREMONT Sp.<br \/>\nz o.o. is an engineering company with many years of experience <strong>specialising in manufacturing, retrofit and overhaul of shell and tube heat exchangers commonly used in large-scale energy generation, as well as in the paper, chemical and sugar industries.<\/strong><\/p>\n<p>All types of coolers, turbine condensers, heaters, evaporators, chemical equipment, disposal equipment and other heat exchanger systems can be fault-free if they are <strong>properly designed and assembled<\/strong> \u2013 and this is precisely what ENERGOREMONT Sp.<br \/>\nz o.o. does.<\/p>\n<p class=\"fb\">The most important part of any exchanger is the tube-to-tubesheet joint.<\/p>\n<p>Thanks to ENERGOREMONT Sp.<br \/>\nz o.o.\u2019s approach and technology, <strong>tubes can be easily replaced<\/strong> and are practically a consumable item.<br \/>\nAll tube replacement activities are performed efficiently and without the risk of damaging the tubesheet or other structural elements.<br \/>\nAnother distinctive feature of our technology is its high work pace (high mechanisation and automation), which means that even a short standstill is enough to restore original equipment properties.<\/p>\n<p>&nbsp;<\/p>\n<p>Technical challenges associated with the installation of tubes in exchangers with the highest operating parameters, where the tubesheet thickness reaches 500 mm, are a separate issue.<br \/>\nENERGOREMONT Sp. z o.o.\u2019s patented technology and equipment for<br \/>\n<strong>hydraulic tube expansion<\/strong> across the entire tubesheet thickness can be used to achieve an absolutely tight tube-to-tubesheet joint.<br \/>\nThis results in the tube being clamped in the hole with only minimal (about 3\u20135%) crushing of the tube\u2019s inner surface.<\/p>\n<p>&nbsp;<\/p>\n<p>Another challenge is the assembly of new turbine condensers, where thin-walled stainless steel tubing (wall thickness of 0.3\u20130.5 mm) must be precisely clamped into a relatively flaccid stainless steel tubesheet.<br \/>\nThe design of such highly efficient condensers is a compromise between efficiency, capital cost and technology.<br \/>\nIn this instance, traditional joining methods that have been used for nearly 200 years are unworkable. Only<br \/>\n<strong>straight flaring tools with an integral feed unit<\/strong> used by ENERGOREMONT Sp. z o.o. produce high precision flared joints with a repetitive flaring rate of \u00b1 1%.<\/p>\n<p>&nbsp;<\/p>\n<p>The company has been addressing technical issues since its inception, making profit by providing overhaul services based on its innovative solutions.<br \/>\nThe <strong>engineering employees<\/strong>, who determine the direction of further development of the company, have a significant share in the company\u2019s employment structure.<br \/>\nThanks to the cooperation between our employees, technical universities and renowned design studios, we successfully <strong>manufacture new and efficient shell and tube heat exchangers that meet the highest quality standards while focusing on the environment and human safety<\/strong>. We continuously invest in state-of-the-art machines and equipment for manufacturing heat exchanger components.<\/p>\n<p>Kazimierz Ruszniak<\/p>\n<p>President of the Management Board in ENERGOREMONT Sp.<br \/>\nz o.o.<\/p>\n<\/div><\/div><\/div><div class=\"cz_gap clr \" style=\"height: 40px\"><\/div><div id=\"cz_69034\" class=\"cz_69034 cz_title clr cz_title_pos_inline tac\"><div class=\"cz_title_content\"><div class=\"cz_wpe_content\"><h3 style=\"text-align: center;\">Company history<\/h3>\n<\/div><\/div><\/div><section id=\"cz_33573\" class=\"cz_33573 cz_timeline_container cz_tl_3 cz_a_c\"><div><div id=\"cz_65486\" class=\"cz_timeline-block cz_tl_center\"><div class=\"cz_timeline-i\" ><i class=\"cz_tl_icon \"><\/i><\/div><div class=\"cz_timeline-content\"><div id=\"cz_54402\" class=\"cz_54402 cz_title clr cz_title_pos_inline\"><div class=\"cz_title_content\"><div class=\"cz_wpe_content\"><p>We set up the company in Lublin and were looking forward to new opportunities offered by our own business.<br \/>\nOur driving force were the tools and methods we had developed for the hydraulic removal of tubes from turbine condensers.<br \/>\nWe had already been working on this project as amateurs for at least three years, at that time as employees of Zak\u0142ady Remontowe Energetyki Lublin S.A.<\/p>\n<\/div><\/div><\/div><span class=\"cz_date\">1988<\/span><\/div><\/div><div id=\"cz_89970\" class=\"cz_timeline-block cz_tl_right\"><div class=\"cz_timeline-i\" ><i class=\"cz_tl_icon \"><\/i><\/div><div class=\"cz_timeline-content\"><div id=\"cz_36755\" class=\"cz_36755 cz_title clr cz_title_pos_inline\"><div class=\"cz_title_content\"><div class=\"cz_wpe_content\"><p>We obtained the first authorisation to manufacture pressure equipment components from the Office of Technical Inspection.<\/p>\n<\/div><\/div><\/div><span class=\"cz_date\">1992<\/span><\/div><\/div><div id=\"cz_85873\" class=\"cz_timeline-block cz_tl_right\"><div class=\"cz_timeline-i\" ><i class=\"cz_tl_icon \"><\/i><\/div><div class=\"cz_timeline-content\"><div id=\"cz_89220\" class=\"cz_89220 cz_title clr cz_title_pos_inline\"><div class=\"cz_title_content\"><div class=\"cz_wpe_content\"><p>We built a manufacturing facility in Suchodo\u0142y.<br \/>\nAll outbuildings were adapted to the needs of the company.<br \/>\nThe office still operates in Lublin in leased premises.<\/p>\n<\/div><\/div><\/div><span class=\"cz_date\">1993<\/span><\/div><\/div><div id=\"cz_32813\" class=\"cz_timeline-block cz_tl_left\"><div class=\"cz_timeline-i\" ><i class=\"cz_tl_icon \"><\/i><\/div><div class=\"cz_timeline-content\"><div id=\"cz_88980\" class=\"cz_88980 cz_title clr cz_title_pos_inline\"><div class=\"cz_title_content\"><div class=\"cz_wpe_content\"><ul class=\"conul\">\n<li>With good financial opportunities, after signing significant contracts with Kozienice Power Plant, we bought a plant in Krasnystaw and concentrated all our activities in one place.<\/li>\n<li>We expanded our product and service portfolio and obtained further authorisations from the Office of Technical Inspection to repair steam boilers, water boilers, and fixed pressure tanks.<\/li>\n<\/ul>\n<\/div><\/div><\/div><span class=\"cz_date\">1994<\/span><\/div><\/div><div id=\"cz_34299\" class=\"cz_timeline-block cz_tl_left\"><div class=\"cz_timeline-i\" ><i class=\"cz_tl_icon \"><\/i><\/div><div class=\"cz_timeline-content\"><div id=\"cz_12051\" class=\"cz_12051 cz_title clr cz_title_pos_inline\"><div class=\"cz_title_content\"><div class=\"cz_wpe_content\"><ul class=\"conul\">\n<li>We joined the Polish Chamber of Power Industry and Environmental Protection.<\/li>\n<\/ul>\n<\/div><\/div><\/div><span class=\"cz_date\">1996<\/span><\/div><\/div><div id=\"cz_62391\" class=\"cz_timeline-block cz_tl_right\"><div class=\"cz_timeline-i\" ><i class=\"cz_tl_icon \"><\/i><\/div><div class=\"cz_timeline-content\"><div id=\"cz_17096\" class=\"cz_17096 cz_title clr cz_title_pos_inline\"><div class=\"cz_title_content\"><div class=\"cz_wpe_content\"><ul class=\"conul\">\n<li>We presented our technology outside Poland for the first time \u2013 during an overhaul of a turbine condenser in Tatabanyi, Hungary.<\/li>\n<\/ul>\n<\/div><\/div><\/div><span class=\"cz_date\">1996<\/span><\/div><\/div><div id=\"cz_103355\" class=\"cz_timeline-block cz_tl_left\"><div class=\"cz_timeline-i\" ><i class=\"cz_tl_icon \"><\/i><\/div><div class=\"cz_timeline-content\"><div id=\"cz_37568\" class=\"cz_37568 cz_title clr cz_title_pos_inline\"><div class=\"cz_title_content\"><div class=\"cz_wpe_content\"><ul class=\"conul\">\n<li>We started cooperation with Centralne Biuro Konstrukcji Kot\u0142\u00f3w S.A. in Tarnowskie G\u00f3ry, which resulted in many projects,<br \/>\nsuch as<br \/>\njoint retrofit of U-tube high-pressure exchangers.<br \/>\nTo this day, cooperation with CBKK provides a significant part of the company\u2019s turnover.<\/li>\n<\/ul>\n<\/div><\/div><\/div><span class=\"cz_date\">1998<\/span><\/div><\/div><div id=\"cz_42972\" class=\"cz_timeline-block cz_tl_right\"><div class=\"cz_timeline-i\" ><i class=\"cz_tl_icon \"><\/i><\/div><div class=\"cz_timeline-content\"><div id=\"cz_19344\" class=\"cz_19344 cz_title clr cz_title_pos_inline\"><div class=\"cz_title_content\"><div class=\"cz_wpe_content\"><ul class=\"conul\">\n<li>We started cooperation with the Institute of Heat Engineering, Warsaw University of Technology (ITC PW).<br \/>\nThe new profiles of condenser bunches developed at ITC PW and applied in the retrofit of the turbine condenser of the 110MW unit in the Skawina Power Plant enabled us to achieve better results than those guaranteed in the contract.<\/li>\n<\/ul>\n<\/div><\/div><\/div><span class=\"cz_date\">2001<\/span><\/div><\/div><div id=\"cz_74463\" class=\"cz_timeline-block cz_tl_left\"><div class=\"cz_timeline-i\" ><i class=\"cz_tl_icon \"><\/i><\/div><div class=\"cz_timeline-content\"><div id=\"cz_33300\" class=\"cz_33300 cz_title clr cz_title_pos_inline\"><div class=\"cz_title_content\"><div class=\"cz_wpe_content\"><ul class=\"conul\">\n<li>We completed the implementation of the Quality Management System compliant with the requirements of ISO 9001, as confirmed by certificates from UDT-CERT and T\u00dcV NORD.<\/li>\n<\/ul>\n<\/div><\/div><\/div><span class=\"cz_date\">2001<\/span><\/div><\/div><div id=\"cz_37328\" class=\"cz_timeline-block cz_tl_right\"><div class=\"cz_timeline-i\" ><i class=\"cz_tl_icon \"><\/i><\/div><div class=\"cz_timeline-content\"><div id=\"cz_37546\" class=\"cz_37546 cz_title clr cz_title_pos_inline\"><div class=\"cz_title_content\"><div class=\"cz_wpe_content\"><ul class=\"conul\">\n<li>We obtained certification from UDT-CERT confirming the ability of the company to meet the requirements of Modules H, H1 and G under Directive 97\/23\/EC.<\/li>\n<li>We completed the implementation of the Environmental Management System compliant with the requirements of ISO 14001:2004 and the Occupational Health and Safety Management System compliant with the requirements of PN-N 18001:2005, as confirmed by certificates from T\u00dcV NORD.<\/li>\n<\/ul>\n<\/div><\/div><\/div><span class=\"cz_date\">2004<\/span><\/div><\/div><div id=\"cz_20515\" class=\"cz_timeline-block cz_tl_left\"><div class=\"cz_timeline-i\" ><i class=\"cz_tl_icon \"><\/i><\/div><div class=\"cz_timeline-content\"><div id=\"cz_110157\" class=\"cz_110157 cz_title clr cz_title_pos_inline\"><div class=\"cz_title_content\"><div class=\"cz_wpe_content\"><ul class=\"conul\">\n<li>Manufacturing of spiral oil coolers was added to our portfolio.<\/li>\n<\/ul>\n<\/div><\/div><\/div><span class=\"cz_date\">2006<\/span><\/div><\/div><div id=\"cz_21728\" class=\"cz_timeline-block cz_tl_right\"><div class=\"cz_timeline-i\" ><i class=\"cz_tl_icon \"><\/i><\/div><div class=\"cz_timeline-content\"><div id=\"cz_38614\" class=\"cz_38614 cz_title clr cz_title_pos_inline\"><div class=\"cz_title_content\"><div class=\"cz_wpe_content\"><ul class=\"conul\">\n<li>We commissioned the first section of the assembly plant together with the adjacent infrastructure (blasting chamber, coating booth, water jet cutting machine).<\/li>\n<\/ul>\n<\/div><\/div><\/div><span class=\"cz_date\">2007<\/span><\/div><\/div><div id=\"cz_109978\" class=\"cz_timeline-block cz_tl_left\"><div class=\"cz_timeline-i\" ><i class=\"cz_tl_icon \"><\/i><\/div><div class=\"cz_timeline-content\"><div id=\"cz_30509\" class=\"cz_30509 cz_title clr cz_title_pos_inline\"><div class=\"cz_title_content\"><div class=\"cz_wpe_content\"><ul class=\"conul\">\n<li>After many years of testing, we introduced the technology of hydraulic tube expansion in tubesheets of exchangers for the highest operating parameters.<\/li>\n<li>Finally, we demolished the low-rise buildings for the second section of the assembly plant, thus extending the first section, completed a year earlier, to a total length of 95 m.<\/li>\n<li>We equipped the plant with further technologically advanced machines, such as<br \/>\na CNC machining centre and automatic submerged arc welding (SAW) machine.<\/li>\n<li>We expanded the area of the plant by purchasing the land adjacent to the company together with the existing buildings and adapting it to the needs of warehouse management and installed a gantry crane.<\/li>\n<li>We celebrated the 20th anniversary of ENERGOREMONT Sp.<br \/>\nz o.o.<\/li>\n<\/ul>\n<\/div><\/div><\/div><span class=\"cz_date\">2008<\/span><\/div><\/div><div id=\"cz_98438\" class=\"cz_timeline-block cz_tl_right\"><div class=\"cz_timeline-i\" ><i class=\"cz_tl_icon \"><\/i><\/div><div class=\"cz_timeline-content\"><div id=\"cz_41195\" class=\"cz_41195 cz_title clr cz_title_pos_inline\"><div class=\"cz_title_content\"><div class=\"cz_wpe_content\"><ul>\n<li>Purchase and set-up of the WRD 130 Machining Centre (a turning, milling, and boring machine), specifically designed for handling the most demanding tube sheets (with a drilling depth of up to 700 mm). The maximum machining area is 2500 x 7000 mm.<\/li>\n<\/ul>\n<\/div><\/div><\/div><span class=\"cz_date\">2013<\/span><\/div><\/div><div id=\"cz_69451\" class=\"cz_timeline-block cz_tl_left\"><div class=\"cz_timeline-i\" ><i class=\"cz_tl_icon \"><\/i><\/div><div class=\"cz_timeline-content\"><div id=\"cz_103258\" class=\"cz_103258 cz_title clr cz_title_pos_inline\"><div class=\"cz_title_content\"><div class=\"cz_wpe_content\"><ul>\n<li>Purchase and set-up of the WRD 130 Machining Centre (a turning, milling, and boring machine), specifically designed for handling the most demanding tube sheets (with a drilling depth of up to 700 mm). The maximum machining area is 2500 x 7000 mm.<\/li>\n<\/ul>\n<\/div><\/div><\/div><span class=\"cz_date\">2014<\/span><\/div><\/div><div id=\"cz_19425\" class=\"cz_timeline-block cz_tl_right\"><div class=\"cz_timeline-i\" ><i class=\"cz_tl_icon \"><\/i><\/div><div class=\"cz_timeline-content\"><div id=\"cz_89741\" class=\"cz_89741 cz_title clr cz_title_pos_inline\"><div class=\"cz_title_content\"><div class=\"cz_wpe_content\"><ul>\n<li>The implementation, after several years of trials, of Cobra<sup>TM<\/sup> technology for the rapid tube removal from heat exchangers. During tube extraction, the head immediately compresses the tube into briquettes that can be used as a furnace charge.<\/li>\n<li>Celebrating the 30th anniversary of ENERGOREMONT Sp. z o.o.<\/li>\n<\/ul>\n<\/div><\/div><\/div><span class=\"cz_date\">2018<\/span><\/div><\/div><div id=\"cz_29324\" class=\"cz_timeline-block cz_tl_left\"><div class=\"cz_timeline-i\" ><i class=\"cz_tl_icon \"><\/i><\/div><div class=\"cz_timeline-content\"><div id=\"cz_27505\" class=\"cz_27505 cz_title clr cz_title_pos_inline\"><div class=\"cz_title_content\"><div class=\"cz_wpe_content\"><ul>\n<li>The third phase of the assembly unit expansion is now underway. This 1600 m\u00b2 unit is now fully operational, and includes the installation of additional cranes, increasing the total lifting capacity to 60 tonnes.<\/li>\n<\/ul>\n<\/div><\/div><\/div><span class=\"cz_date\">2019<\/span><\/div><\/div><div id=\"cz_39533\" class=\"cz_timeline-block cz_tl_right\"><div class=\"cz_timeline-i\" ><i class=\"cz_tl_icon \"><\/i><\/div><div class=\"cz_timeline-content\"><div id=\"cz_92797\" class=\"cz_92797 cz_title clr cz_title_pos_inline\"><div class=\"cz_title_content\"><div class=\"cz_wpe_content\"><ul>\n<li>Implementation of briquetting heads in an installation version.<\/li>\n<\/ul>\n<\/div><\/div><\/div><span class=\"cz_date\">2020<\/span><\/div><\/div><div id=\"cz_83167\" class=\"cz_timeline-block cz_tl_left\"><div class=\"cz_timeline-i\" ><i class=\"cz_tl_icon \"><\/i><\/div><div class=\"cz_timeline-content\"><div id=\"cz_32231\" class=\"cz_32231 cz_title clr cz_title_pos_inline\"><div class=\"cz_title_content\"><div class=\"cz_wpe_content\"><ul>\n<li>Development work has begun on multifunctional heads operated by robots.<\/li>\n<li>After several years of trials, industrial-scale tube dismantling using magnetic induction technology has been successfully applied.<\/li>\n<li>The installation of photovoltaic panels (50 kW) and heat pumps is in progress, which will fully cover the heating and hot water supply needs for the workshop and the office building.<\/li>\n<\/ul>\n<\/div><\/div><\/div><span class=\"cz_date\">2022<\/span><\/div><\/div><div id=\"cz_93962\" class=\"cz_timeline-block cz_tl_right\"><div class=\"cz_timeline-i\" ><i class=\"cz_tl_icon \"><\/i><\/div><div class=\"cz_timeline-content\"><div id=\"cz_51562\" class=\"cz_51562 cz_title clr cz_title_pos_inline\"><div class=\"cz_title_content\"><div class=\"cz_wpe_content\"><ul>\n<li>Work is also underway to implement robots for the installation of new heat exchanger tubes.<\/li>\n<\/ul>\n<\/div><\/div><\/div><span class=\"cz_date\">2023<\/span><\/div><\/div><\/div><\/section>[\/vc_column][\/vc_row]<\/p>\n","protected":false},"excerpt":{"rendered":"<p>[vc_row css=&#8221;.vc_custom_1576747275855{background-image: url(http:\/\/www.energo.com.pl\/wp-content\/uploads\/2019\/08\/slajder.png?id=1445) !important;}&#8221;][vc_column][\/vc_column][\/vc_row][vc_row][vc_column][\/vc_column][\/vc_row] &#8230; <\/p>\n","protected":false},"author":2,"featured_media":0,"parent":0,"menu_order":0,"comment_status":"closed","ping_status":"closed","template":"","meta":[],"_links":{"self":[{"href":"http:\/\/www.energo.com.pl\/en\/wp-json\/wp\/v2\/pages\/3138"}],"collection":[{"href":"http:\/\/www.energo.com.pl\/en\/wp-json\/wp\/v2\/pages"}],"about":[{"href":"http:\/\/www.energo.com.pl\/en\/wp-json\/wp\/v2\/types\/page"}],"author":[{"embeddable":true,"href":"http:\/\/www.energo.com.pl\/en\/wp-json\/wp\/v2\/users\/2"}],"replies":[{"embeddable":true,"href":"http:\/\/www.energo.com.pl\/en\/wp-json\/wp\/v2\/comments?post=3138"}],"version-history":[{"count":12,"href":"http:\/\/www.energo.com.pl\/en\/wp-json\/wp\/v2\/pages\/3138\/revisions"}],"predecessor-version":[{"id":3454,"href":"http:\/\/www.energo.com.pl\/en\/wp-json\/wp\/v2\/pages\/3138\/revisions\/3454"}],"wp:attachment":[{"href":"http:\/\/www.energo.com.pl\/en\/wp-json\/wp\/v2\/media?parent=3138"}],"curies":[{"name":"wp","href":"https:\/\/api.w.org\/{rel}","templated":true}]}}